{"id":54,"date":"2025-02-17T15:52:10","date_gmt":"2025-02-17T15:52:10","guid":{"rendered":"http:\/\/freshplants.pl\/index.php\/strona-1\/"},"modified":"2026-02-19T14:05:23","modified_gmt":"2026-02-19T14:05:23","slug":"fresh-plants","status":"publish","type":"page","link":"https:\/\/freshplants.pl\/","title":{"rendered":"Fresh Plants"},"content":{"rendered":"\n    \n    <section class=\"u-clearfix u-section-2\" id=\"sec-a212\">\n      <div class=\"data-layout-selected u-clearfix u-expanded-width u-layout-wrap u-layout-wrap-1\">\n        <div class=\"u-layout\">\n          <div class=\"u-layout-row\">\n            <div class=\"u-container-align-center-sm u-container-align-center-xs u-container-style u-grey-5 u-layout-cell u-size-30 u-layout-cell-1\">\n              <div class=\"u-container-layout u-container-layout-1\">\n                <p class=\"u-align-center-sm u-align-center-xs u-align-left-lg u-align-left-md u-align-left-xl u-text u-text-1\"><\/p>\n                <img class=\"u-expanded-width u-image u-image-contain u-image-default lazyload u-image-1\" alt=\"\" data-image-width=\"2428\" data-image-height=\"2457\" data-src=\"https:\/\/freshplants.pl\/wp-content\/uploads\/2025\/02\/LogoFreshPlants72dpi-1.webp\" loading=\"lazy\">\n              <\/div>\n            <\/div>\n            <div class=\"u-container-style u-image u-layout-cell u-size-30 lazyload u-image-2\" data-image-width=\"1000\" data-image-height=\"667\" data-bg=\"url(&quot;https:\/\/freshplants.pl\/wp-content\/uploads\/2025\/03\/FreshPlants2.webp&quot;)\">\n              <div class=\"u-container-layout u-container-layout-2\"><\/div>\n            <\/div>\n          <\/div>\n        <\/div>\n      <\/div>\n    <\/section>\n    <section class=\"u-clearfix u-grey-5 u-section-3\" id=\"sec-391d\">\n      <div class=\"data-layout-selected u-clearfix u-expanded-width u-layout-wrap u-layout-wrap-1\">\n        <div class=\"u-layout\">\n          <div class=\"u-layout-row\">\n            <div class=\"u-container-style u-image u-layout-cell u-size-30 lazyload u-image-1\" data-image-width=\"1200\" data-image-height=\"800\" data-bg=\"url(&quot;https:\/\/freshplants.pl\/wp-content\/uploads\/2025\/03\/FreshPlants.webp&quot;)\">\n              <div class=\"u-container-layout u-container-layout-1\"><\/div>\n            <\/div>\n            <div class=\"u-container-align-center-sm u-container-align-center-xs u-container-style u-layout-cell u-size-30 u-layout-cell-2\">\n              <div class=\"u-container-layout u-container-layout-2\">\n                <h2 class=\"u-align-center-sm u-align-center-xs u-custom-font u-font-montserrat u-text u-text-default u-text-1\"> KIM JESTE\u015aMY?<\/h2>\n                <p class=\"u-align-justify u-custom-font u-font-montserrat u-text u-text-default u-text-2\">Fresh Plants Sp\u00f3\u0142ka z o.o.&nbsp;\njest to holendersko-polska sp\u00f3\u0142ka specjalizuj\u0105ca si\u0119 w sprzeda\u017cy B2C\nro\u015blin doniczkowych&nbsp; poprzez topowe\nplatformy Market Place w Europie. Fresh\nPlants&nbsp; oferuje r\u00f3wnie\u017c atrakcyjny model wsp\u00f3\u0142pracy B2B poprzez przy\u0142\u0105czenie do hurtowni Fresh Plants poprzez Base Conect lub w przypadku firm nie podaj\u0105cych konta baselinker sprzeda\u017c przez link z ofert\u0105 B2B. Oferujemy ponad 1000 produkt\u00f3w najwy\u017cszej jako\u015bci i w atrakcyjnej cenie od producent\u00f3w z\nca\u0142ej Europy. Dbamy o zr\u00f3wnowa\u017cony rozw\u00f3j i do pakowania produkt\u00f3w u\u017cywamy\nmateria\u0142\u00f3w ekologicznych.&nbsp;&nbsp;<br>\n                <\/p>\n                <p class=\"u-align-justify u-text u-text-default u-text-3\">&nbsp;&nbsp;<\/p>\n              <\/div>\n            <\/div>\n          <\/div>\n        <\/div>\n      <\/div>\n    <\/section>\n    <section class=\"u-clearfix u-section-4\" id=\"carousel_e177\">\n      <div class=\"u-expanded-width-md u-expanded-width-sm u-expanded-width-xs u-gallery u-layout-horizontal u-lightbox u-no-transition u-show-text-none u-gallery-1\" id=\"carousel-b93b\">\n        <div class=\"u-gallery-inner u-gallery-inner-1\" role=\"listbox\"><div class=\"u-effect-hover-liftUp u-gallery-item u-gallery-item-1\" data-image-width=\"1000\" data-image-height=\"677\"><div class=\"u-back-slide\"><img class=\"u-back-image lazyload\" data-src=\"https:\/\/freshplants.pl\/wp-content\/uploads\/2025\/03\/FreshPlants4.webp\" loading=\"lazy\">\n<\/div><div class=\"u-align-center-md u-align-center-sm u-align-center-xs u-over-slide u-shading u-valign-bottom-md u-valign-bottom-sm u-valign-bottom-xs u-over-slide-1\"><\/div>\n<\/div><div class=\"u-effect-hover-liftUp u-gallery-item u-gallery-item-2\" data-image-width=\"1000\" data-image-height=\"667\"><div class=\"u-back-slide\"><img class=\"u-back-image lazyload\" data-src=\"https:\/\/freshplants.pl\/wp-content\/uploads\/2025\/03\/FreshPlants6.webp\" loading=\"lazy\">\n<\/div><div class=\"u-align-center-md u-align-center-sm u-align-center-xs u-over-slide u-shading u-valign-bottom-md u-valign-bottom-sm u-valign-bottom-xs u-over-slide-2\"><\/div>\n<\/div><div class=\"u-effect-hover-liftUp u-gallery-item u-gallery-item-3\" data-image-width=\"1000\" data-image-height=\"667\"><div class=\"u-back-slide\"><img class=\"u-back-image lazyload\" data-src=\"https:\/\/freshplants.pl\/wp-content\/uploads\/2025\/03\/FreshPlants8.webp\" loading=\"lazy\">\n<\/div><div class=\"u-align-center-md u-align-center-sm u-align-center-xs u-over-slide u-shading u-valign-bottom-md u-valign-bottom-sm u-valign-bottom-xs u-over-slide-3\"><\/div>\n<\/div><div class=\"u-effect-hover-liftUp u-gallery-item u-gallery-item-4\" data-image-width=\"1000\" data-image-height=\"667\"><div class=\"u-back-slide\"><img class=\"u-back-image lazyload\" data-src=\"https:\/\/freshplants.pl\/wp-content\/uploads\/2025\/03\/FreshPlants7.webp\" loading=\"lazy\">\n<\/div><div class=\"u-align-center-md u-align-center-sm u-align-center-xs u-over-slide u-shading u-valign-bottom-md u-valign-bottom-sm u-valign-bottom-xs u-over-slide-4\"><\/div>\n<\/div><div class=\"u-effect-hover-liftUp u-gallery-item u-gallery-item-5\" data-image-width=\"1000\" data-image-height=\"667\"><div class=\"u-back-slide\"><img class=\"u-back-image lazyload\" data-src=\"https:\/\/freshplants.pl\/wp-content\/uploads\/2025\/03\/FreshPlants5.webp\" loading=\"lazy\">\n<\/div><div class=\"u-align-center-md u-align-center-sm u-align-center-xs u-over-slide u-shading u-valign-bottom-md u-valign-bottom-sm u-valign-bottom-xs u-over-slide-5\"><\/div>\n<\/div><div class=\"u-effect-hover-liftUp u-gallery-item u-gallery-item-6\" data-image-width=\"1000\" data-image-height=\"691\"><div class=\"u-back-slide\"><img class=\"u-back-image lazyload\" data-src=\"https:\/\/freshplants.pl\/wp-content\/uploads\/2025\/03\/FreshPlants3.webp\" loading=\"lazy\">\n<\/div><div class=\"u-align-center-md u-align-center-sm u-align-center-xs u-over-slide u-shading u-valign-bottom-md u-valign-bottom-sm u-valign-bottom-xs u-over-slide-6\"><\/div>\n<\/div><\/div>\n        <a class=\"u-gallery-nav u-gallery-nav-prev u-grey-70 u-icon-circle u-opacity u-opacity-70 u-spacing-10 u-text-white u-gallery-nav-1\" href=\"#\" role=\"button\">\n          <span aria-hidden=\"true\">\n            <svg viewBox=\"0 0 451.847 451.847\"><path d=\"M97.141,225.92c0-8.095,3.091-16.192,9.259-22.366L300.689,9.27c12.359-12.359,32.397-12.359,44.751,0\nc12.354,12.354,12.354,32.388,0,44.748L173.525,225.92l171.903,171.909c12.354,12.354,12.354,32.391,0,44.744\nc-12.354,12.365-32.386,12.365-44.745,0l-194.29-194.281C100.226,242.115,97.141,234.018,97.141,225.92z\"><\/path><\/svg>\n          <\/span>\n          <span class=\"sr-only\">\n            <svg viewBox=\"0 0 451.847 451.847\"><path d=\"M97.141,225.92c0-8.095,3.091-16.192,9.259-22.366L300.689,9.27c12.359-12.359,32.397-12.359,44.751,0\nc12.354,12.354,12.354,32.388,0,44.748L173.525,225.92l171.903,171.909c12.354,12.354,12.354,32.391,0,44.744\nc-12.354,12.365-32.386,12.365-44.745,0l-194.29-194.281C100.226,242.115,97.141,234.018,97.141,225.92z\"><\/path><\/svg>\n          <\/span>\n        <\/a>\n        <a class=\"u-absolute-vcenter u-gallery-nav u-gallery-nav-next u-grey-70 u-icon-circle u-opacity u-opacity-70 u-spacing-10 u-text-white u-gallery-nav-2\" href=\"#\" role=\"button\">\n          <span aria-hidden=\"true\">\n            <svg viewBox=\"0 0 451.846 451.847\"><path d=\"M345.441,248.292L151.154,442.573c-12.359,12.365-32.397,12.365-44.75,0c-12.354-12.354-12.354-32.391,0-44.744\nL278.318,225.92L106.409,54.017c-12.354-12.359-12.354-32.394,0-44.748c12.354-12.359,32.391-12.359,44.75,0l194.287,194.284\nc6.177,6.18,9.262,14.271,9.262,22.366C354.708,234.018,351.617,242.115,345.441,248.292z\"><\/path><\/svg>\n          <\/span>\n          <span class=\"sr-only\">\n            <svg viewBox=\"0 0 451.846 451.847\"><path d=\"M345.441,248.292L151.154,442.573c-12.359,12.365-32.397,12.365-44.75,0c-12.354-12.354-12.354-32.391,0-44.744\nL278.318,225.92L106.409,54.017c-12.354-12.359-12.354-32.394,0-44.748c12.354-12.359,32.391-12.359,44.75,0l194.287,194.284\nc6.177,6.18,9.262,14.271,9.262,22.366C354.708,234.018,351.617,242.115,345.441,248.292z\"><\/path><\/svg>\n          <\/span>\n        <\/a>\n      <\/div>\n    <\/section>\n    <section class=\"u-align-center u-clearfix u-container-align-center u-custom-color-1 u-section-5\" src=\"\" data-image-width=\"1280\" data-image-height=\"800\" id=\"sec-5d14\">\n      <div class=\"u-align-center u-clearfix u-sheet u-sheet-1\">\n        <h2 class=\"u-align-center u-custom-font u-font-montserrat u-text u-text-default u-text-1\"> DLACZEGO FRESH PLANTS ?<\/h2>\n        <p class=\"u-align-center u-custom-font u-font-montserrat u-text u-text-2\">Z uwagi na doskona\u0142e relacje z producentami, Fresh Plants\nzamawia towar wy\u0142\u0105cznie bezpo\u015brednio od producent\u00f3w. Dzi\u0119ki tym relacjom oraz\ndu\u017cym wolumenom zakupowym potrafimy znale\u017a\u0107 kompromis mi\u0119dzy atrakcyjn\u0105 cen\u0105 a\nnajwy\u017csz\u0105 jako\u015bci\u0105 produktu. \u015awiadczymy\nus\u0142ugi pomi\u0119dzy dostawcami a klientem ko\u0144cowym.&nbsp; &nbsp;<\/p>\n      <\/div>\n    <\/section>\n    <section class=\"u-clearfix u-grey-5 u-section-6\" id=\"sec-23d7\">\n      <div class=\"data-layout-selected u-clearfix u-expanded-width u-layout-wrap u-layout-wrap-1\">\n        <div class=\"u-layout\">\n          <div class=\"u-layout-row\">\n            <div class=\"u-container-style u-image u-layout-cell u-size-23 lazyload u-image-1\" data-image-width=\"1956\" data-image-height=\"1980\" data-bg=\"url(&quot;https:\/\/freshplants.pl\/wp-content\/uploads\/2025\/02\/Mapa2-1.webp&quot;)\">\n              <div class=\"u-container-layout u-container-layout-1\"><\/div>\n            <\/div>\n            <div class=\"u-container-align-center-sm u-container-align-center-xs u-container-style u-layout-cell u-size-37 u-layout-cell-2\">\n              <div class=\"u-container-layout u-container-layout-2\">\n                <h2 class=\"u-align-center-sm u-align-center-xs u-custom-font u-font-montserrat u-text u-text-default u-text-1\"> NASZ CEL ?<\/h2>\n                <p class=\"u-align-justify u-custom-font u-font-montserrat u-text u-text-default u-text-2\"> Kupujemy wysokiej jako\u015bci produkty bezpo\u015brednio od producenta i dostarczamy go do klient\u00f3w detalicznych w ca\u0142ej Europie \u015arodkowo-Wschodniej. Jeste\u015bmy zawsze w centrum oczekiwa\u0144 klient\u00f3w. Osi\u0105gamy to, znajduj\u0105c produkty najwy\u017cszej jako\u015bci i najbardziej przyst\u0119pne cenowo z okre\u015blonych kraj\u00f3w i oferujemy je klientom detalicznym. Dzi\u0119ki temu jeste\u015bmy w stanie sprzedawa\u0107 produkty polskie, niemieckie, holenderskie, belgijskie i w\u0142oskie organizuj\u0105c zakupy, transport&nbsp;i&nbsp;pakowanie.<\/p>\n              <\/div>\n            <\/div>\n          <\/div>\n        <\/div>\n      <\/div>\n    <\/section>\n    \n    \n    \n  \n","protected":false},"excerpt":{"rendered":"<p>KIM JESTE\u015aMY? Fresh Plants Sp\u00f3\u0142ka z o.o.&nbsp; jest to holendersko-polska sp\u00f3\u0142ka specjalizuj\u0105ca si\u0119 w sprzeda\u017cy B2C ro\u015blin doniczkowych&nbsp; poprzez topowe platformy Market Place w Europie. Fresh Plants&nbsp; oferuje r\u00f3wnie\u017c atrakcyjny model wsp\u00f3\u0142pracy B2B poprzez przy\u0142\u0105czenie do hurtowni Fresh Plants poprzez Base Conect lub w przypadku firm nie podaj\u0105cych konta baselinker sprzeda\u017c przez link z ofert\u0105 &hellip; <a href=\"https:\/\/freshplants.pl\/\" class=\"more-link\">Continue reading<span class=\"screen-reader-text\"> &#8222;Fresh Plants&#8221;<\/span><\/a><\/p>\n","protected":false},"author":1,"featured_media":0,"parent":0,"menu_order":1,"comment_status":"closed","ping_status":"closed","template":"","meta":{"footnotes":""},"class_list":["post-54","page","type-page","status-publish","hentry"],"_links":{"self":[{"href":"https:\/\/freshplants.pl\/index.php\/wp-json\/wp\/v2\/pages\/54","targetHints":{"allow":["GET"]}}],"collection":[{"href":"https:\/\/freshplants.pl\/index.php\/wp-json\/wp\/v2\/pages"}],"about":[{"href":"https:\/\/freshplants.pl\/index.php\/wp-json\/wp\/v2\/types\/page"}],"author":[{"embeddable":true,"href":"https:\/\/freshplants.pl\/index.php\/wp-json\/wp\/v2\/users\/1"}],"replies":[{"embeddable":true,"href":"https:\/\/freshplants.pl\/index.php\/wp-json\/wp\/v2\/comments?post=54"}],"version-history":[{"count":9,"href":"https:\/\/freshplants.pl\/index.php\/wp-json\/wp\/v2\/pages\/54\/revisions"}],"predecessor-version":[{"id":103,"href":"https:\/\/freshplants.pl\/index.php\/wp-json\/wp\/v2\/pages\/54\/revisions\/103"}],"wp:attachment":[{"href":"https:\/\/freshplants.pl\/index.php\/wp-json\/wp\/v2\/media?parent=54"}],"curies":[{"name":"wp","href":"https:\/\/api.w.org\/{rel}","templated":true}]}}